{"id":699,"date":"2020-07-02T09:34:19","date_gmt":"2020-07-02T06:34:19","guid":{"rendered":"https:\/\/dev.mrmedia.fi\/cmumma\/cafe\/"},"modified":"2020-09-07T11:33:02","modified_gmt":"2020-09-07T08:33:02","slug":"kahvila","status":"publish","type":"page","link":"https:\/\/carldemumma.com\/fi\/kahvila\/","title":{"rendered":"Kahvila"},"content":{"rendered":"<style>#kt-layout-id_c7947e-b5{margin-bottom:0px;margin-top:0px;margin-bottom:0px;}#kt-layout-id_c7947e-b5 > .kt-row-column-wrap{align-content:center;}:where(#kt-layout-id_c7947e-b5 > .kt-row-column-wrap) > .wp-block-kadence-column{justify-content:center;}#kt-layout-id_c7947e-b5 > .kt-row-column-wrap{column-gap:var(--global-kb-gap-md, 2rem);row-gap:var(--global-kb-gap-md, 2rem);padding-top:var( --global-kb-row-default-top, 25px );padding-bottom:var( --global-kb-row-default-bottom, 25px );padding-top:0px;padding-bottom:0px;padding-left:0px;padding-right:0px;grid-template-columns:minmax(0, 1fr);}#kt-layout-id_c7947e-b5 > .kt-row-layout-overlay{opacity:0.30;}#kt-layout-id_c7947e-b5 .kt-row-layout-bottom-sep{height:100px;}#kt-layout-id_c7947e-b5 .kt-row-layout-bottom-sep svg{width:100%;}#kt-layout-id_c7947e-b5 .kt-row-layout-bottom-sep svg{fill:#ffffff!important;}@media all and (max-width: 1024px){#kt-layout-id_c7947e-b5 > .kt-row-column-wrap{grid-template-columns:minmax(0, 1fr);}}@media all and (max-width: 1024px){#kt-layout-id_c7947e-b5 .kt-row-layout-bottom-sep{height:px;}}@media all and (max-width: 1024px){#kt-layout-id_c7947e-b5 .kt-row-layout-bottom-sep svg{width:%;}}@media all and (max-width: 767px){#kt-layout-id_c7947e-b5 > .kt-row-column-wrap{grid-template-columns:minmax(0, 1fr);}#kt-layout-id_c7947e-b5 .kt-row-layout-bottom-sep{height:px;}#kt-layout-id_c7947e-b5 .kt-row-layout-bottom-sep svg{width:%;}}<\/style>\n<div class=\"wp-block-kadence-rowlayout alignfull mumma-row-page-banner\"><div id=\"kt-layout-id_c7947e-b5\" class=\"kt-row-layout-inner kt-layout-id_c7947e-b5\"><div class=\"kt-row-column-wrap kt-has-1-columns kt-gutter-default kt-v-gutter-default kt-row-valign-middle kt-row-layout-equal kt-tab-layout-inherit kt-m-colapse-left-to-right kt-mobile-layout-row\"><style>.kadence-column_90472b-85 > .kt-inside-inner-col{border-top-width:0px;border-right-width:0px;border-bottom-width:0px;border-left-width:0px;}.kadence-column_90472b-85 > .kt-inside-inner-col,.kadence-column_90472b-85 > .kt-inside-inner-col:before{border-top-left-radius:0px;border-top-right-radius:0px;border-bottom-right-radius:0px;border-bottom-left-radius:0px;}.kadence-column_90472b-85 > .kt-inside-inner-col{column-gap:var(--global-kb-gap-sm, 1rem);}.kadence-column_90472b-85 > .kt-inside-inner-col{flex-direction:column;}.kadence-column_90472b-85 > .kt-inside-inner-col > .aligncenter{width:100%;}.kadence-column_90472b-85 > .kt-inside-inner-col:before{opacity:0.3;}.kadence-column_90472b-85{position:relative;}@media all and (max-width: 1024px){.kadence-column_90472b-85 > .kt-inside-inner-col{flex-direction:column;justify-content:center;}}@media all and (max-width: 767px){.kadence-column_90472b-85 > .kt-inside-inner-col{flex-direction:column;justify-content:center;}}<\/style>\n<div class=\"wp-block-kadence-column inner-column-1 kadence-column_90472b-85\"><div class=\"kt-inside-inner-col\">\n<div class=\"wp-block-cover alignfull has-background-dim-40 has-background-dim\" style=\"background-image:url(https:\/\/carldemumma.com\/wp-content\/uploads\/cafe_banner-1.jpg);min-height:650px;aspect-ratio:unset;\"><div class=\"wp-block-cover__inner-container is-layout-flow wp-block-cover-is-layout-flow\">\n<h1 class=\"has-text-align-center wp-block-heading\">Kahvila<\/h1>\n<\/div><\/div>\n<\/div><\/div>\n<\/div><\/div><\/div>\n\n\n<style>#kt-layout-id_f27616-f5{margin-bottom:0px;margin-top:0px;margin-bottom:0px;}#kt-layout-id_f27616-f5 > .kt-row-column-wrap{align-content:center;}:where(#kt-layout-id_f27616-f5 > .kt-row-column-wrap) > .wp-block-kadence-column{justify-content:center;}#kt-layout-id_f27616-f5 > .kt-row-column-wrap{column-gap:var(--global-kb-gap-md, 2rem);row-gap:var(--global-kb-gap-md, 2rem);padding-top:var( --global-kb-row-default-top, 25px );padding-bottom:var( --global-kb-row-default-bottom, 25px );padding-top:0px;padding-bottom:0px;padding-left:0px;padding-right:0px;grid-template-columns:minmax(0, 1fr);}#kt-layout-id_f27616-f5{background-color:#f0eae3;}#kt-layout-id_f27616-f5 > .kt-row-layout-overlay{opacity:0.30;}#kt-layout-id_f27616-f5 .kt-row-layout-bottom-sep{height:100px;}#kt-layout-id_f27616-f5 .kt-row-layout-bottom-sep svg{width:100%;}#kt-layout-id_f27616-f5 .kt-row-layout-bottom-sep svg{fill:#ffffff!important;}@media all and (max-width: 1024px){#kt-layout-id_f27616-f5 > .kt-row-column-wrap{grid-template-columns:minmax(0, 1fr);}}@media all and (max-width: 1024px){#kt-layout-id_f27616-f5 .kt-row-layout-bottom-sep{height:px;}}@media all and (max-width: 1024px){#kt-layout-id_f27616-f5 .kt-row-layout-bottom-sep svg{width:%;}}@media all and (max-width: 767px){#kt-layout-id_f27616-f5 > .kt-row-column-wrap{grid-template-columns:minmax(0, 1fr);}#kt-layout-id_f27616-f5 .kt-row-layout-bottom-sep{height:px;}#kt-layout-id_f27616-f5 .kt-row-layout-bottom-sep svg{width:%;}}<\/style>\n<div class=\"wp-block-kadence-rowlayout alignfull mumma-row-page-info\"><div id=\"kt-layout-id_f27616-f5\" class=\"kt-row-layout-inner kt-row-has-bg kt-layout-id_f27616-f5\"><div class=\"kt-row-column-wrap kt-has-1-columns kt-gutter-default kt-v-gutter-default kt-row-valign-middle kt-row-layout-equal kt-tab-layout-inherit kt-m-colapse-left-to-right kt-mobile-layout-row\"><style>.kadence-column_343cd9-8a > .kt-inside-inner-col{border-top-width:0px;border-right-width:0px;border-bottom-width:0px;border-left-width:0px;}.kadence-column_343cd9-8a > .kt-inside-inner-col,.kadence-column_343cd9-8a > .kt-inside-inner-col:before{border-top-left-radius:0px;border-top-right-radius:0px;border-bottom-right-radius:0px;border-bottom-left-radius:0px;}.kadence-column_343cd9-8a > .kt-inside-inner-col{column-gap:var(--global-kb-gap-sm, 1rem);}.kadence-column_343cd9-8a > .kt-inside-inner-col{flex-direction:column;}.kadence-column_343cd9-8a > .kt-inside-inner-col > .aligncenter{width:100%;}.kadence-column_343cd9-8a > .kt-inside-inner-col:before{opacity:0.3;}.kadence-column_343cd9-8a{position:relative;}@media all and (max-width: 1024px){.kadence-column_343cd9-8a > .kt-inside-inner-col{flex-direction:column;justify-content:center;}}@media all and (max-width: 767px){.kadence-column_343cd9-8a > .kt-inside-inner-col{flex-direction:column;justify-content:center;}}<\/style>\n<div class=\"wp-block-kadence-column inner-column-1 kadence-column_343cd9-8a mumma-row-page-info-box\"><div class=\"kt-inside-inner-col\"><style>#kt-layout-id_bf754f-43{margin-bottom:0px;margin-top:0px;margin-bottom:0px;}#kt-layout-id_bf754f-43 > .kt-row-column-wrap{align-content:center;}:where(#kt-layout-id_bf754f-43 > .kt-row-column-wrap) > .wp-block-kadence-column{justify-content:center;}#kt-layout-id_bf754f-43 > .kt-row-column-wrap{column-gap:var(--global-kb-gap-md, 2rem);row-gap:var(--global-kb-gap-md, 2rem);max-width:1200px;padding-top:var( --global-kb-row-default-top, 25px );padding-bottom:var( --global-kb-row-default-bottom, 25px );padding-top:0px;padding-bottom:0px;padding-left:0px;padding-right:0px;grid-template-columns:minmax(0, 1fr);}#kt-layout-id_bf754f-43 > .kt-row-layout-overlay{opacity:0.30;}#kt-layout-id_bf754f-43 .kt-row-layout-bottom-sep{height:100px;}#kt-layout-id_bf754f-43 .kt-row-layout-bottom-sep svg{width:100%;}#kt-layout-id_bf754f-43 .kt-row-layout-bottom-sep svg{fill:#ffffff!important;}@media all and (max-width: 1024px){#kt-layout-id_bf754f-43 > .kt-row-column-wrap{grid-template-columns:minmax(0, 1fr);}}@media all and (max-width: 1024px){#kt-layout-id_bf754f-43 .kt-row-layout-bottom-sep{height:px;}}@media all and (max-width: 1024px){#kt-layout-id_bf754f-43 .kt-row-layout-bottom-sep svg{width:%;}}@media all and (max-width: 767px){#kt-layout-id_bf754f-43 > .kt-row-column-wrap{grid-template-columns:minmax(0, 1fr);}#kt-layout-id_bf754f-43 .kt-row-layout-bottom-sep{height:px;}#kt-layout-id_bf754f-43 .kt-row-layout-bottom-sep svg{width:%;}}<\/style>\n<div class=\"wp-block-kadence-rowlayout alignfull\"><div id=\"kt-layout-id_bf754f-43\" class=\"kt-row-layout-inner kt-layout-id_bf754f-43\"><div class=\"kt-row-column-wrap kt-has-1-columns kt-gutter-default kt-v-gutter-default kt-row-valign-middle kt-row-layout-equal kt-tab-layout-inherit kt-m-colapse-left-to-right kt-mobile-layout-row kb-theme-content-width\"><style>.kadence-column_adaa37-c6 > .kt-inside-inner-col{border-top-width:0px;border-right-width:0px;border-bottom-width:0px;border-left-width:0px;}.kadence-column_adaa37-c6 > .kt-inside-inner-col,.kadence-column_adaa37-c6 > .kt-inside-inner-col:before{border-top-left-radius:0px;border-top-right-radius:0px;border-bottom-right-radius:0px;border-bottom-left-radius:0px;}.kadence-column_adaa37-c6 > .kt-inside-inner-col{column-gap:var(--global-kb-gap-sm, 1rem);}.kadence-column_adaa37-c6 > .kt-inside-inner-col{flex-direction:column;}.kadence-column_adaa37-c6 > .kt-inside-inner-col > .aligncenter{width:100%;}.kadence-column_adaa37-c6 > .kt-inside-inner-col:before{opacity:0.3;}.kadence-column_adaa37-c6{position:relative;}@media all and (max-width: 1024px){.kadence-column_adaa37-c6 > .kt-inside-inner-col{flex-direction:column;justify-content:center;}}@media all and (max-width: 767px){.kadence-column_adaa37-c6 > .kt-inside-inner-col{flex-direction:column;justify-content:center;}}<\/style>\n<div class=\"wp-block-kadence-column inner-column-1 kadence-column_adaa37-c6 mumma-row-page-info-intro\"><div class=\"kt-inside-inner-col\">\n<p><strong>Kahvilan ja leipomokaupan valikoima koostuu sek\u00e4 perinteisist\u00e4 leipomotuotteista ett\u00e4 trendikk\u00e4ist\u00e4 mousseleivonnaisista.<\/strong> Kakut ja voileip\u00e4kakut teemme tilauksesta. Tilausaika on normaalisti 2-3 arkip\u00e4iv\u00e4\u00e4.<\/p>\n<\/div><\/div>\n<\/div><\/div><\/div>\n\n\n<style>#kt-layout-id_fceaa8-9e{margin-bottom:0px;margin-top:0px;margin-bottom:0px;}#kt-layout-id_fceaa8-9e > .kt-row-column-wrap{align-content:start;}:where(#kt-layout-id_fceaa8-9e > .kt-row-column-wrap) > .wp-block-kadence-column{justify-content:start;}#kt-layout-id_fceaa8-9e > .kt-row-column-wrap{column-gap:var(--global-kb-gap-md, 2rem);row-gap:var(--global-kb-gap-md, 2rem);max-width:1200px;padding-top:var( --global-kb-row-default-top, 25px );padding-bottom:var( --global-kb-row-default-bottom, 25px );padding-top:0px;padding-bottom:0px;padding-left:0px;padding-right:0px;grid-template-columns:repeat(2, minmax(0, 1fr));}#kt-layout-id_fceaa8-9e > .kt-row-layout-overlay{opacity:0.30;}@media all and (max-width: 1024px){#kt-layout-id_fceaa8-9e > .kt-row-column-wrap{grid-template-columns:repeat(2, minmax(0, 1fr));}}@media all and (max-width: 767px){#kt-layout-id_fceaa8-9e > .kt-row-column-wrap{grid-template-columns:minmax(0, 1fr);}}<\/style>\n<div class=\"wp-block-kadence-rowlayout alignfull\"><div id=\"kt-layout-id_fceaa8-9e\" class=\"kt-row-layout-inner kt-layout-id_fceaa8-9e\"><div class=\"kt-row-column-wrap kt-has-2-columns kt-gutter-default kt-v-gutter-default kt-row-valign-top kt-row-layout-equal kt-tab-layout-inherit kt-m-colapse-left-to-right kt-mobile-layout-row kb-theme-content-width\"><style>.kadence-column_f1d293-e0 > .kt-inside-inner-col{border-top-width:0px;border-right-width:0px;border-bottom-width:0px;border-left-width:0px;}.kadence-column_f1d293-e0 > .kt-inside-inner-col,.kadence-column_f1d293-e0 > .kt-inside-inner-col:before{border-top-left-radius:0px;border-top-right-radius:0px;border-bottom-right-radius:0px;border-bottom-left-radius:0px;}.kadence-column_f1d293-e0 > .kt-inside-inner-col{column-gap:var(--global-kb-gap-sm, 1rem);}.kadence-column_f1d293-e0 > .kt-inside-inner-col{flex-direction:column;}.kadence-column_f1d293-e0 > .kt-inside-inner-col > .aligncenter{width:100%;}.kadence-column_f1d293-e0 > .kt-inside-inner-col:before{opacity:0.3;}.kadence-column_f1d293-e0{position:relative;}@media all and (max-width: 1024px){.kadence-column_f1d293-e0 > .kt-inside-inner-col{flex-direction:column;justify-content:center;}}@media all and (max-width: 767px){.kadence-column_f1d293-e0 > .kt-inside-inner-col{flex-direction:column;justify-content:center;}}<\/style>\n<div class=\"wp-block-kadence-column inner-column-1 kadence-column_f1d293-e0 mumma-row-page-info-text\"><div class=\"kt-inside-inner-col\">\n<p>Haluamme tarjota asiakkaillemme tavallista parempaa kahvia, siksi meid\u00e4n pannuista l\u00f6ytyy ekologista premiumkahvia Arvid Nordqvistilta. Ostamme kahvit papuina jotta voimme tarjota asiakkaillemme tuoretta kahvia vastajauhetuista pavuista.<br>Meid\u00e4n mielest\u00e4 vastajauhetuista pavuista keitetty kahvi on raikkain ja maukkain.<\/p>\n<\/div><\/div>\n\n\n<style>.kadence-column_bed54c-0a > .kt-inside-inner-col{border-top-width:0px;border-right-width:0px;border-bottom-width:0px;border-left-width:0px;}.kadence-column_bed54c-0a > .kt-inside-inner-col,.kadence-column_bed54c-0a > .kt-inside-inner-col:before{border-top-left-radius:0px;border-top-right-radius:0px;border-bottom-right-radius:0px;border-bottom-left-radius:0px;}.kadence-column_bed54c-0a > .kt-inside-inner-col{column-gap:var(--global-kb-gap-sm, 1rem);}.kadence-column_bed54c-0a > .kt-inside-inner-col{flex-direction:column;}.kadence-column_bed54c-0a > .kt-inside-inner-col > .aligncenter{width:100%;}.kadence-column_bed54c-0a > .kt-inside-inner-col:before{opacity:0.3;}.kadence-column_bed54c-0a{position:relative;}@media all and (max-width: 1024px){.kadence-column_bed54c-0a > .kt-inside-inner-col{flex-direction:column;justify-content:center;}}@media all and (max-width: 767px){.kadence-column_bed54c-0a > .kt-inside-inner-col{flex-direction:column;justify-content:center;}}<\/style>\n<div class=\"wp-block-kadence-column inner-column-2 kadence-column_bed54c-0a mumma-row-page-info-text\"><div class=\"kt-inside-inner-col\">\n<p>Meilt\u00e4 saa luonnollisesti my\u00f6s erikoiskahvit, kuten espressot, cappuchinot ja caffe lattet. Jos viile\u00e4mpi kahvi maistuu, kannattaa kokeilla meid\u00e4n suosittua j\u00e4\u00e4kahvia. Yksi asiakkaidemme suosikeista on \u201cTalon latte\u201d, jossa on ripaus kardemummaa.<br>Kes\u00e4ksi meilt\u00e4 l\u00f6ytyy kymmenisen eri alkoholitonta mocktailia.<\/p>\n<\/div><\/div>\n<\/div><\/div><\/div>\n<\/div><\/div>\n<\/div><\/div><\/div>\n\n\n<style>.wp-block-kadence-advancedgallery.kb-gallery-wrap-id-_d54bfa-1c{margin-top:0px;margin-right:0px;margin-bottom:0px;margin-left:0px;}.wp-block-kadence-advancedgallery.kb-gallery-wrap-id-_d54bfa-1c{overflow:hidden;}.kb-gallery-id-_d54bfa-1c .kadence-blocks-gallery-item .kb-gal-image-radius, .kb-gallery-id-_d54bfa-1c .kb-slide-item .kb-gal-image-radius img{border-radius:0px 0px 0px 0px;;}.kb-gallery-wrap-id-_d54bfa-1c.wp-block-kadence-advancedgallery{overflow:visible;}.kb-gallery-wrap-id-_d54bfa-1c.wp-block-kadence-advancedgallery .kt-blocks-carousel{overflow:visible;}<\/style><div class=\"kb-gallery-wrap-id-_d54bfa-1c alignfull alignfull mumma-row-page-galleri wp-block-kadence-advancedgallery\"><div class=\"kb-gallery-ul kb-gallery-non-static kb-gallery-type-carousel kb-gallery-id-_d54bfa-1c kb-gallery-caption-style-bottom-hover kb-gallery-filter-none\" data-image-filter=\"none\" data-lightbox-caption=\"true\"><div class=\"kt-blocks-carousel splide kt-carousel-container-dotstyle-dark kt-carousel-arrowstyle-none kt-carousel-dotstyle-dark kb-slider-group-arrow kb-slider-arrow-position-center\" data-columns-xxl=\"4\" data-columns-xl=\"4\" data-columns-md=\"4\" data-columns-sm=\"3\" data-columns-xs=\"2\" data-columns-ss=\"1\" data-slider-anim-speed=\"400\" data-slider-scroll=\"1\" data-slider-arrows=\"false\" data-slider-dots=\"true\" data-slider-hover-pause=\"false\" data-slider-auto=\"\" data-slider-speed=\"7000\" data-slider-gap=\"0px\" data-slider-gap-tablet=\"0px\" data-slider-gap-mobile=\"0px\" data-show-pause-button=\"false\" data-slider-label=\"Photo Gallery Carousel\"><div class=\"splide__track\"><ul class=\"kt-blocks-carousel-init kb-gallery-carousel splide__list\"><li class=\"kb-slide-item kb-gallery-carousel-item splide__slide\"><div class=\"kadence-blocks-gallery-item\"><div class=\"kadence-blocks-gallery-item-inner\"><figure class=\"kb-gallery-figure kadence-blocks-gallery-item-hide-caption\"><div class=\"kb-gal-image-radius\"><div class=\"kb-gallery-image-contain kadence-blocks-gallery-intrinsic kb-gallery-image-ratio-square kb-has-image-ratio-square\" ><img loading=\"lazy\" decoding=\"async\" width=\"500\" height=\"500\" src=\"https:\/\/carldemumma.com\/wp-content\/uploads\/cafe_galleri_07.jpg\"   alt=\"\" data-full-image=\"https:\/\/carldemumma.com\/wp-content\/uploads\/cafe_galleri_07.jpg\" data-light-image=\"https:\/\/carldemumma.com\/wp-content\/uploads\/cafe_galleri_07.jpg\" data-id=\"614\" class=\"wp-image-614 skip-lazy\" srcset=\"https:\/\/carldemumma.com\/wp-content\/uploads\/cafe_galleri_07.jpg 500w, https:\/\/carldemumma.com\/wp-content\/uploads\/cafe_galleri_07-300x300.jpg 300w, https:\/\/carldemumma.com\/wp-content\/uploads\/cafe_galleri_07-150x150.jpg 150w\" sizes=\"auto, (max-width: 500px) 100vw, 500px\" \/><\/div><\/div><\/figure><\/div><\/div><\/li><li class=\"kb-slide-item kb-gallery-carousel-item splide__slide\"><div class=\"kadence-blocks-gallery-item\"><div class=\"kadence-blocks-gallery-item-inner\"><figure class=\"kb-gallery-figure kadence-blocks-gallery-item-hide-caption\"><div class=\"kb-gal-image-radius\"><div class=\"kb-gallery-image-contain kadence-blocks-gallery-intrinsic kb-gallery-image-ratio-square kb-has-image-ratio-square\" ><img loading=\"lazy\" decoding=\"async\" width=\"500\" height=\"500\" src=\"https:\/\/carldemumma.com\/wp-content\/uploads\/cafe_galleri_06.jpg\"   alt=\"\" data-full-image=\"https:\/\/carldemumma.com\/wp-content\/uploads\/cafe_galleri_06.jpg\" data-light-image=\"https:\/\/carldemumma.com\/wp-content\/uploads\/cafe_galleri_06.jpg\" data-id=\"612\" class=\"wp-image-612 skip-lazy\" srcset=\"https:\/\/carldemumma.com\/wp-content\/uploads\/cafe_galleri_06.jpg 500w, https:\/\/carldemumma.com\/wp-content\/uploads\/cafe_galleri_06-300x300.jpg 300w, https:\/\/carldemumma.com\/wp-content\/uploads\/cafe_galleri_06-150x150.jpg 150w\" sizes=\"auto, (max-width: 500px) 100vw, 500px\" \/><\/div><\/div><\/figure><\/div><\/div><\/li><li class=\"kb-slide-item kb-gallery-carousel-item splide__slide\"><div class=\"kadence-blocks-gallery-item\"><div class=\"kadence-blocks-gallery-item-inner\"><figure class=\"kb-gallery-figure kadence-blocks-gallery-item-hide-caption\"><div class=\"kb-gal-image-radius\"><div class=\"kb-gallery-image-contain kadence-blocks-gallery-intrinsic kb-gallery-image-ratio-square kb-has-image-ratio-square\" ><img loading=\"lazy\" decoding=\"async\" width=\"500\" height=\"500\" src=\"https:\/\/carldemumma.com\/wp-content\/uploads\/cafe_galleri_05.jpg\"   alt=\"\" data-full-image=\"https:\/\/carldemumma.com\/wp-content\/uploads\/cafe_galleri_05.jpg\" data-light-image=\"https:\/\/carldemumma.com\/wp-content\/uploads\/cafe_galleri_05.jpg\" data-id=\"610\" class=\"wp-image-610 skip-lazy\" srcset=\"https:\/\/carldemumma.com\/wp-content\/uploads\/cafe_galleri_05.jpg 500w, https:\/\/carldemumma.com\/wp-content\/uploads\/cafe_galleri_05-300x300.jpg 300w, https:\/\/carldemumma.com\/wp-content\/uploads\/cafe_galleri_05-150x150.jpg 150w\" sizes=\"auto, (max-width: 500px) 100vw, 500px\" \/><\/div><\/div><\/figure><\/div><\/div><\/li><li class=\"kb-slide-item kb-gallery-carousel-item splide__slide\"><div class=\"kadence-blocks-gallery-item\"><div class=\"kadence-blocks-gallery-item-inner\"><figure class=\"kb-gallery-figure kadence-blocks-gallery-item-hide-caption\"><div class=\"kb-gal-image-radius\"><div class=\"kb-gallery-image-contain kadence-blocks-gallery-intrinsic kb-gallery-image-ratio-square kb-has-image-ratio-square\" ><img loading=\"lazy\" decoding=\"async\" width=\"500\" height=\"500\" src=\"https:\/\/carldemumma.com\/wp-content\/uploads\/cafe_galleri_04.jpg\"   alt=\"\" data-full-image=\"https:\/\/carldemumma.com\/wp-content\/uploads\/cafe_galleri_04.jpg\" data-light-image=\"https:\/\/carldemumma.com\/wp-content\/uploads\/cafe_galleri_04.jpg\" data-id=\"608\" class=\"wp-image-608 skip-lazy\" srcset=\"https:\/\/carldemumma.com\/wp-content\/uploads\/cafe_galleri_04.jpg 500w, https:\/\/carldemumma.com\/wp-content\/uploads\/cafe_galleri_04-300x300.jpg 300w, https:\/\/carldemumma.com\/wp-content\/uploads\/cafe_galleri_04-150x150.jpg 150w\" sizes=\"auto, (max-width: 500px) 100vw, 500px\" \/><\/div><\/div><\/figure><\/div><\/div><\/li><li class=\"kb-slide-item kb-gallery-carousel-item splide__slide\"><div class=\"kadence-blocks-gallery-item\"><div class=\"kadence-blocks-gallery-item-inner\"><figure class=\"kb-gallery-figure kadence-blocks-gallery-item-hide-caption\"><div class=\"kb-gal-image-radius\"><div class=\"kb-gallery-image-contain kadence-blocks-gallery-intrinsic kb-gallery-image-ratio-square kb-has-image-ratio-square\" ><img loading=\"lazy\" decoding=\"async\" width=\"500\" height=\"500\" src=\"https:\/\/carldemumma.com\/wp-content\/uploads\/cafe_galleri_03.jpg\"   alt=\"\" data-full-image=\"https:\/\/carldemumma.com\/wp-content\/uploads\/cafe_galleri_03.jpg\" data-light-image=\"https:\/\/carldemumma.com\/wp-content\/uploads\/cafe_galleri_03.jpg\" data-id=\"606\" class=\"wp-image-606 skip-lazy\" srcset=\"https:\/\/carldemumma.com\/wp-content\/uploads\/cafe_galleri_03.jpg 500w, https:\/\/carldemumma.com\/wp-content\/uploads\/cafe_galleri_03-300x300.jpg 300w, https:\/\/carldemumma.com\/wp-content\/uploads\/cafe_galleri_03-150x150.jpg 150w\" sizes=\"auto, (max-width: 500px) 100vw, 500px\" \/><\/div><\/div><\/figure><\/div><\/div><\/li><li class=\"kb-slide-item kb-gallery-carousel-item splide__slide\"><div class=\"kadence-blocks-gallery-item\"><div class=\"kadence-blocks-gallery-item-inner\"><figure class=\"kb-gallery-figure kadence-blocks-gallery-item-hide-caption\"><div class=\"kb-gal-image-radius\"><div class=\"kb-gallery-image-contain kadence-blocks-gallery-intrinsic kb-gallery-image-ratio-square kb-has-image-ratio-square\" ><img loading=\"lazy\" decoding=\"async\" width=\"500\" height=\"500\" src=\"https:\/\/carldemumma.com\/wp-content\/uploads\/cafe_galleri_02.jpg\"   alt=\"\" data-full-image=\"https:\/\/carldemumma.com\/wp-content\/uploads\/cafe_galleri_02.jpg\" data-light-image=\"https:\/\/carldemumma.com\/wp-content\/uploads\/cafe_galleri_02.jpg\" data-id=\"604\" class=\"wp-image-604 skip-lazy\" srcset=\"https:\/\/carldemumma.com\/wp-content\/uploads\/cafe_galleri_02.jpg 500w, https:\/\/carldemumma.com\/wp-content\/uploads\/cafe_galleri_02-300x300.jpg 300w, https:\/\/carldemumma.com\/wp-content\/uploads\/cafe_galleri_02-150x150.jpg 150w\" sizes=\"auto, (max-width: 500px) 100vw, 500px\" \/><\/div><\/div><\/figure><\/div><\/div><\/li><li class=\"kb-slide-item kb-gallery-carousel-item splide__slide\"><div class=\"kadence-blocks-gallery-item\"><div class=\"kadence-blocks-gallery-item-inner\"><figure class=\"kb-gallery-figure kadence-blocks-gallery-item-hide-caption\"><div class=\"kb-gal-image-radius\"><div class=\"kb-gallery-image-contain kadence-blocks-gallery-intrinsic kb-gallery-image-ratio-square kb-has-image-ratio-square\" ><img loading=\"lazy\" decoding=\"async\" width=\"500\" height=\"500\" src=\"https:\/\/carldemumma.com\/wp-content\/uploads\/cafe_galleri_01.jpg\"   alt=\"\" data-full-image=\"https:\/\/carldemumma.com\/wp-content\/uploads\/cafe_galleri_01.jpg\" data-light-image=\"https:\/\/carldemumma.com\/wp-content\/uploads\/cafe_galleri_01.jpg\" data-id=\"601\" class=\"wp-image-601 skip-lazy\" srcset=\"https:\/\/carldemumma.com\/wp-content\/uploads\/cafe_galleri_01.jpg 500w, https:\/\/carldemumma.com\/wp-content\/uploads\/cafe_galleri_01-300x300.jpg 300w, https:\/\/carldemumma.com\/wp-content\/uploads\/cafe_galleri_01-150x150.jpg 150w\" sizes=\"auto, (max-width: 500px) 100vw, 500px\" \/><\/div><\/div><\/figure><\/div><\/div><\/li><\/ul><\/div><\/div><\/div><\/div>","protected":false},"excerpt":{"rendered":"<p>Kahvilan ja leipomokaupan valikoima koostuu sek\u00e4 perinteisist\u00e4 leipomotuotteista ett\u00e4 trendikk\u00e4ist\u00e4 mousseleivonnaisista. Kakut ja voileip\u00e4kakut teemme tilauksesta. Tilausaika on normaalisti 2-3 arkip\u00e4iv\u00e4\u00e4. Haluamme tarjota asiakkaillemme tavallista parempaa kahvia, siksi meid\u00e4n pannuista l\u00f6ytyy ekologista premiumkahvia Arvid Nordqvistilta. Ostamme kahvit papuina jotta voimme tarjota asiakkaillemme tuoretta kahvia vastajauhetuista pavuista.Meid\u00e4n mielest\u00e4 vastajauhetuista pavuista keitetty kahvi on raikkain ja maukkain. &#8230; <a title=\"Kahvila\" class=\"read-more\" href=\"https:\/\/carldemumma.com\/fi\/kahvila\/\" aria-label=\"Lue lis\u00e4\u00e4 aiheesta Kahvila\">Lue lis\u00e4\u00e4<\/a><\/p>\n","protected":false},"author":1,"featured_media":0,"parent":0,"menu_order":0,"comment_status":"closed","ping_status":"closed","template":"","meta":{"_coblocks_attr":"","_coblocks_dimensions":"","_coblocks_responsive_height":"","_coblocks_accordion_ie_support":"","_uag_custom_page_level_css":"","_kad_blocks_custom_css":"","_kad_blocks_head_custom_js":"","_kad_blocks_body_custom_js":"","_kad_blocks_footer_custom_js":"","footnotes":""},"class_list":["post-699","page","type-page","status-publish"],"taxonomy_info":[],"featured_image_src_large":false,"author_info":{"display_name":"Webmaster","author_link":"https:\/\/carldemumma.com\/fi\/author\/wp_cmumma\/"},"comment_info":0,"uagb_featured_image_src":{"full":false,"thumbnail":false,"medium":false,"medium_large":false,"large":false,"1536x1536":false,"2048x2048":false},"uagb_author_info":{"display_name":"Webmaster","author_link":"https:\/\/carldemumma.com\/fi\/author\/wp_cmumma\/"},"uagb_comment_info":0,"uagb_excerpt":"Kahvilan ja leipomokaupan valikoima koostuu sek\u00e4 perinteisist\u00e4 leipomotuotteista ett\u00e4 trendikk\u00e4ist\u00e4 mousseleivonnaisista. Kakut ja voileip\u00e4kakut teemme tilauksesta. Tilausaika on normaalisti 2-3 arkip\u00e4iv\u00e4\u00e4. Haluamme tarjota asiakkaillemme tavallista parempaa kahvia, siksi meid\u00e4n pannuista l\u00f6ytyy ekologista premiumkahvia Arvid Nordqvistilta. Ostamme kahvit papuina jotta voimme tarjota asiakkaillemme tuoretta kahvia vastajauhetuista pavuista.Meid\u00e4n mielest\u00e4 vastajauhetuista pavuista keitetty kahvi on raikkain ja maukkain.&hellip;","_links":{"self":[{"href":"https:\/\/carldemumma.com\/fi\/wp-json\/wp\/v2\/pages\/699","targetHints":{"allow":["GET"]}}],"collection":[{"href":"https:\/\/carldemumma.com\/fi\/wp-json\/wp\/v2\/pages"}],"about":[{"href":"https:\/\/carldemumma.com\/fi\/wp-json\/wp\/v2\/types\/page"}],"author":[{"embeddable":true,"href":"https:\/\/carldemumma.com\/fi\/wp-json\/wp\/v2\/users\/1"}],"replies":[{"embeddable":true,"href":"https:\/\/carldemumma.com\/fi\/wp-json\/wp\/v2\/comments?post=699"}],"version-history":[{"count":0,"href":"https:\/\/carldemumma.com\/fi\/wp-json\/wp\/v2\/pages\/699\/revisions"}],"wp:attachment":[{"href":"https:\/\/carldemumma.com\/fi\/wp-json\/wp\/v2\/media?parent=699"}],"curies":[{"name":"wp","href":"https:\/\/api.w.org\/{rel}","templated":true}]}}